{"id":170,"date":"2020-08-24T15:30:05","date_gmt":"2020-08-24T18:30:05","guid":{"rendered":"https:\/\/www.panelsur.cl\/w\/?post_type=product&#038;p=170"},"modified":"2022-06-29T19:19:19","modified_gmt":"2022-06-29T22:19:19","slug":"espuma-poliuretano-750ml-01-c-u","status":"publish","type":"product","link":"https:\/\/www.panelsur.cl\/w\/producto\/espuma-poliuretano-750ml-01-c-u\/","title":{"rendered":"Espuma Poliuretano, 750ml ( 01 c\/u)"},"content":{"rendered":"<p>Espuma Poliuretano<\/p>\n<p>Envase de 750 ml<\/p>\n<p>Marca Rex Espuma de poliuretano multiprop\u00f3sito, es mono componente, y viene lista para ser usada. Cuenta con un cabezal que se puede adaptar una pistola de aplicaci\u00f3n o una boquilla pl\u00e1stica. Excelente para el llenado y sellado con capacidad de montaje, alta temperatura y aislamiento ac\u00fastico. Es fabricado a prueba de hongos, resistente al calor y fr\u00edo (-60C y +100C), resistente a la humedad.<\/p>\n","protected":false},"excerpt":{"rendered":"<p>Precio Incluye IVA<\/p>\n<p><span class=\"fontstyle0\">Espuma de Poliuretano<\/span><\/p>\n<p>Cantidad : 1 Unidad<\/p>\n","protected":false},"featured_media":171,"template":"","meta":{"inline_featured_image":false},"product_cat":[18],"product_tag":[],"class_list":{"0":"post-170","1":"product","2":"type-product","3":"status-publish","4":"has-post-thumbnail","6":"product_cat-tornillos-accesorios","8":"first","9":"instock","10":"taxable","11":"shipping-taxable","12":"purchasable","13":"product-type-simple"},"yoast_head":"<!-- This site is optimized with the Yoast SEO plugin v26.1.1 - https:\/\/yoast.com\/wordpress\/plugins\/seo\/ -->\n<title>Espuma Poliuretano, 750ml ( 01 c\/u) - Panel Sur<\/title>\n<meta name=\"robots\" content=\"index, follow, max-snippet:-1, max-image-preview:large, max-video-preview:-1\" \/>\n<link rel=\"canonical\" href=\"https:\/\/www.panelsur.cl\/w\/producto\/espuma-poliuretano-750ml-01-c-u\/\" \/>\n<meta property=\"og:locale\" content=\"es_ES\" \/>\n<meta property=\"og:type\" content=\"article\" \/>\n<meta property=\"og:title\" content=\"Espuma Poliuretano, 750ml ( 01 c\/u) - Panel Sur\" \/>\n<meta property=\"og:description\" content=\"Precio Incluye IVA  Espuma de Poliuretano  Cantidad : 1 Unidad\" \/>\n<meta property=\"og:url\" content=\"https:\/\/www.panelsur.cl\/w\/producto\/espuma-poliuretano-750ml-01-c-u\/\" \/>\n<meta property=\"og:site_name\" content=\"Panel Sur\" \/>\n<meta property=\"article:publisher\" content=\"https:\/\/www.facebook.com\/panelsurcl\" \/>\n<meta property=\"article:modified_time\" content=\"2022-06-29T22:19:19+00:00\" \/>\n<meta property=\"og:image\" content=\"https:\/\/www.panelsur.cl\/w\/wp-content\/uploads\/2020\/08\/espuma.fw_.png\" \/>\n\t<meta property=\"og:image:width\" content=\"300\" \/>\n\t<meta property=\"og:image:height\" content=\"300\" \/>\n\t<meta property=\"og:image:type\" content=\"image\/png\" \/>\n<meta name=\"twitter:card\" content=\"summary_large_image\" \/>\n<script type=\"application\/ld+json\" class=\"yoast-schema-graph\">{\"@context\":\"https:\/\/schema.org\",\"@graph\":[{\"@type\":\"WebPage\",\"@id\":\"https:\/\/www.panelsur.cl\/w\/producto\/espuma-poliuretano-750ml-01-c-u\/\",\"url\":\"https:\/\/www.panelsur.cl\/w\/producto\/espuma-poliuretano-750ml-01-c-u\/\",\"name\":\"Espuma Poliuretano, 750ml ( 01 c\/u) - Panel Sur\",\"isPartOf\":{\"@id\":\"https:\/\/www.panelsur.cl\/w\/#website\"},\"primaryImageOfPage\":{\"@id\":\"https:\/\/www.panelsur.cl\/w\/producto\/espuma-poliuretano-750ml-01-c-u\/#primaryimage\"},\"image\":{\"@id\":\"https:\/\/www.panelsur.cl\/w\/producto\/espuma-poliuretano-750ml-01-c-u\/#primaryimage\"},\"thumbnailUrl\":\"https:\/\/www.panelsur.cl\/w\/wp-content\/uploads\/2020\/08\/espuma.fw_.png\",\"datePublished\":\"2020-08-24T18:30:05+00:00\",\"dateModified\":\"2022-06-29T22:19:19+00:00\",\"breadcrumb\":{\"@id\":\"https:\/\/www.panelsur.cl\/w\/producto\/espuma-poliuretano-750ml-01-c-u\/#breadcrumb\"},\"inLanguage\":\"es-CL\",\"potentialAction\":[{\"@type\":\"ReadAction\",\"target\":[\"https:\/\/www.panelsur.cl\/w\/producto\/espuma-poliuretano-750ml-01-c-u\/\"]}]},{\"@type\":\"ImageObject\",\"inLanguage\":\"es-CL\",\"@id\":\"https:\/\/www.panelsur.cl\/w\/producto\/espuma-poliuretano-750ml-01-c-u\/#primaryimage\",\"url\":\"https:\/\/www.panelsur.cl\/w\/wp-content\/uploads\/2020\/08\/espuma.fw_.png\",\"contentUrl\":\"https:\/\/www.panelsur.cl\/w\/wp-content\/uploads\/2020\/08\/espuma.fw_.png\",\"width\":300,\"height\":300},{\"@type\":\"BreadcrumbList\",\"@id\":\"https:\/\/www.panelsur.cl\/w\/producto\/espuma-poliuretano-750ml-01-c-u\/#breadcrumb\",\"itemListElement\":[{\"@type\":\"ListItem\",\"position\":1,\"name\":\"Portada\",\"item\":\"https:\/\/www.panelsur.cl\/w\/\"},{\"@type\":\"ListItem\",\"position\":2,\"name\":\"Tienda\",\"item\":\"https:\/\/www.panelsur.cl\/w\/tienda\/\"},{\"@type\":\"ListItem\",\"position\":3,\"name\":\"Espuma Poliuretano, 750ml ( 01 c\/u)\"}]},{\"@type\":\"WebSite\",\"@id\":\"https:\/\/www.panelsur.cl\/w\/#website\",\"url\":\"https:\/\/www.panelsur.cl\/w\/\",\"name\":\"Panel Sur\",\"description\":\"Fabrica de Paneles Sip y fabrica de Kit prefabricado autoconstruccion\",\"publisher\":{\"@id\":\"https:\/\/www.panelsur.cl\/w\/#organization\"},\"alternateName\":\"panelsur.cl\",\"potentialAction\":[{\"@type\":\"SearchAction\",\"target\":{\"@type\":\"EntryPoint\",\"urlTemplate\":\"https:\/\/www.panelsur.cl\/w\/?s={search_term_string}\"},\"query-input\":{\"@type\":\"PropertyValueSpecification\",\"valueRequired\":true,\"valueName\":\"search_term_string\"}}],\"inLanguage\":\"es-CL\"},{\"@type\":\"Organization\",\"@id\":\"https:\/\/www.panelsur.cl\/w\/#organization\",\"name\":\"panelsur\",\"alternateName\":\"Panelsur.cl\",\"url\":\"https:\/\/www.panelsur.cl\/w\/\",\"logo\":{\"@type\":\"ImageObject\",\"inLanguage\":\"es-CL\",\"@id\":\"https:\/\/www.panelsur.cl\/w\/#\/schema\/logo\/image\/\",\"url\":\"https:\/\/www.panelsur.cl\/w\/wp-content\/uploads\/2024\/10\/panel-sur-cuadrado-r.png\",\"contentUrl\":\"https:\/\/www.panelsur.cl\/w\/wp-content\/uploads\/2024\/10\/panel-sur-cuadrado-r.png\",\"width\":261,\"height\":261,\"caption\":\"panelsur\"},\"image\":{\"@id\":\"https:\/\/www.panelsur.cl\/w\/#\/schema\/logo\/image\/\"},\"sameAs\":[\"https:\/\/www.facebook.com\/panelsurcl\",\"https:\/\/www.instagram.com\/panelsur\"]}]}<\/script>\n<!-- \/ Yoast SEO plugin. -->","yoast_head_json":{"title":"Espuma Poliuretano, 750ml ( 01 c\/u) - Panel Sur","robots":{"index":"index","follow":"follow","max-snippet":"max-snippet:-1","max-image-preview":"max-image-preview:large","max-video-preview":"max-video-preview:-1"},"canonical":"https:\/\/www.panelsur.cl\/w\/producto\/espuma-poliuretano-750ml-01-c-u\/","og_locale":"es_ES","og_type":"article","og_title":"Espuma Poliuretano, 750ml ( 01 c\/u) - Panel Sur","og_description":"Precio Incluye IVA  Espuma de Poliuretano  Cantidad : 1 Unidad","og_url":"https:\/\/www.panelsur.cl\/w\/producto\/espuma-poliuretano-750ml-01-c-u\/","og_site_name":"Panel Sur","article_publisher":"https:\/\/www.facebook.com\/panelsurcl","article_modified_time":"2022-06-29T22:19:19+00:00","og_image":[{"width":300,"height":300,"url":"https:\/\/www.panelsur.cl\/w\/wp-content\/uploads\/2020\/08\/espuma.fw_.png","type":"image\/png"}],"twitter_card":"summary_large_image","schema":{"@context":"https:\/\/schema.org","@graph":[{"@type":"WebPage","@id":"https:\/\/www.panelsur.cl\/w\/producto\/espuma-poliuretano-750ml-01-c-u\/","url":"https:\/\/www.panelsur.cl\/w\/producto\/espuma-poliuretano-750ml-01-c-u\/","name":"Espuma Poliuretano, 750ml ( 01 c\/u) - Panel Sur","isPartOf":{"@id":"https:\/\/www.panelsur.cl\/w\/#website"},"primaryImageOfPage":{"@id":"https:\/\/www.panelsur.cl\/w\/producto\/espuma-poliuretano-750ml-01-c-u\/#primaryimage"},"image":{"@id":"https:\/\/www.panelsur.cl\/w\/producto\/espuma-poliuretano-750ml-01-c-u\/#primaryimage"},"thumbnailUrl":"https:\/\/www.panelsur.cl\/w\/wp-content\/uploads\/2020\/08\/espuma.fw_.png","datePublished":"2020-08-24T18:30:05+00:00","dateModified":"2022-06-29T22:19:19+00:00","breadcrumb":{"@id":"https:\/\/www.panelsur.cl\/w\/producto\/espuma-poliuretano-750ml-01-c-u\/#breadcrumb"},"inLanguage":"es-CL","potentialAction":[{"@type":"ReadAction","target":["https:\/\/www.panelsur.cl\/w\/producto\/espuma-poliuretano-750ml-01-c-u\/"]}]},{"@type":"ImageObject","inLanguage":"es-CL","@id":"https:\/\/www.panelsur.cl\/w\/producto\/espuma-poliuretano-750ml-01-c-u\/#primaryimage","url":"https:\/\/www.panelsur.cl\/w\/wp-content\/uploads\/2020\/08\/espuma.fw_.png","contentUrl":"https:\/\/www.panelsur.cl\/w\/wp-content\/uploads\/2020\/08\/espuma.fw_.png","width":300,"height":300},{"@type":"BreadcrumbList","@id":"https:\/\/www.panelsur.cl\/w\/producto\/espuma-poliuretano-750ml-01-c-u\/#breadcrumb","itemListElement":[{"@type":"ListItem","position":1,"name":"Portada","item":"https:\/\/www.panelsur.cl\/w\/"},{"@type":"ListItem","position":2,"name":"Tienda","item":"https:\/\/www.panelsur.cl\/w\/tienda\/"},{"@type":"ListItem","position":3,"name":"Espuma Poliuretano, 750ml ( 01 c\/u)"}]},{"@type":"WebSite","@id":"https:\/\/www.panelsur.cl\/w\/#website","url":"https:\/\/www.panelsur.cl\/w\/","name":"Panel Sur","description":"Fabrica de Paneles Sip y fabrica de Kit prefabricado autoconstruccion","publisher":{"@id":"https:\/\/www.panelsur.cl\/w\/#organization"},"alternateName":"panelsur.cl","potentialAction":[{"@type":"SearchAction","target":{"@type":"EntryPoint","urlTemplate":"https:\/\/www.panelsur.cl\/w\/?s={search_term_string}"},"query-input":{"@type":"PropertyValueSpecification","valueRequired":true,"valueName":"search_term_string"}}],"inLanguage":"es-CL"},{"@type":"Organization","@id":"https:\/\/www.panelsur.cl\/w\/#organization","name":"panelsur","alternateName":"Panelsur.cl","url":"https:\/\/www.panelsur.cl\/w\/","logo":{"@type":"ImageObject","inLanguage":"es-CL","@id":"https:\/\/www.panelsur.cl\/w\/#\/schema\/logo\/image\/","url":"https:\/\/www.panelsur.cl\/w\/wp-content\/uploads\/2024\/10\/panel-sur-cuadrado-r.png","contentUrl":"https:\/\/www.panelsur.cl\/w\/wp-content\/uploads\/2024\/10\/panel-sur-cuadrado-r.png","width":261,"height":261,"caption":"panelsur"},"image":{"@id":"https:\/\/www.panelsur.cl\/w\/#\/schema\/logo\/image\/"},"sameAs":["https:\/\/www.facebook.com\/panelsurcl","https:\/\/www.instagram.com\/panelsur"]}]}},"_links":{"self":[{"href":"https:\/\/www.panelsur.cl\/w\/wp-json\/wp\/v2\/product\/170","targetHints":{"allow":["GET"]}}],"collection":[{"href":"https:\/\/www.panelsur.cl\/w\/wp-json\/wp\/v2\/product"}],"about":[{"href":"https:\/\/www.panelsur.cl\/w\/wp-json\/wp\/v2\/types\/product"}],"wp:featuredmedia":[{"embeddable":true,"href":"https:\/\/www.panelsur.cl\/w\/wp-json\/wp\/v2\/media\/171"}],"wp:attachment":[{"href":"https:\/\/www.panelsur.cl\/w\/wp-json\/wp\/v2\/media?parent=170"}],"wp:term":[{"taxonomy":"product_cat","embeddable":true,"href":"https:\/\/www.panelsur.cl\/w\/wp-json\/wp\/v2\/product_cat?post=170"},{"taxonomy":"product_tag","embeddable":true,"href":"https:\/\/www.panelsur.cl\/w\/wp-json\/wp\/v2\/product_tag?post=170"}],"curies":[{"name":"wp","href":"https:\/\/api.w.org\/{rel}","templated":true}]}}